{"id":4196,"date":"2022-09-02T02:38:33","date_gmt":"2022-09-02T02:38:33","guid":{"rendered":"https:\/\/vetogaming.pl\/?page_id=4196"},"modified":"2025-12-21T01:51:43","modified_gmt":"2025-12-21T01:51:43","slug":"4196-2","status":"publish","type":"page","link":"https:\/\/vetogaming.pl\/?page_id=4196","title":{"rendered":"VETORIANIE"},"content":{"rendered":"\n\n\t\t\t\t<a href=\"https:\/\/vetogaming.pl\/wp-content\/uploads\/2022\/09\/MANIEK.png\"  target=\"_self\" itemprop=\"url\">\n\t\t\t\t<img decoding=\"async\" src=\"https:\/\/vetogaming.pl\/wp-content\/uploads\/2022\/09\/MANIEK.png\" alt=\"MANIEK\" itemprop=\"image\" height=\"1429\" width=\"1063\" title=\"MANIEK\" onerror=\"this.style.display='none'\" loading=\"lazy\" \/>\n\t\t\t\t<\/a>\n\t\t\t\t<img decoding=\"async\" src=\"https:\/\/vetogaming.pl\/wp-content\/uploads\/2025\/12\/WSPZAOYCIEL-PLUTONU-VETO-498401921297273.png\" alt=\"WSPZAOYCIEL PLUTONU VETO 498401921297273\" itemprop=\"image\" height=\"119\" width=\"1906\" title=\"WSPZAOYCIEL PLUTONU VETO 498401921297273\" onerror=\"this.style.display='none'\" loading=\"lazy\" \/>\n\tTo cz\u0142owiek, kt\u00f3ry na co dzie\u0144 jest ostoj\u0105 spokoju i opanowania. Taki, przy kt\u00f3rym napi\u0119cie opada samo, bo jego obecno\u015b\u0107 nie domaga si\u0119 uwagi, nie prowokuje, nie narzuca si\u0119 emocjami. Nie podnosi g\u0142osu, bo wie, \u017ce g\u0142o\u015bniej nie znaczy wi\u0119cej. Nie szuka konflikt\u00f3w, bo rozumie, \u017ce wi\u0119kszo\u015b\u0107 bitew nie jest warta ceny, jak\u0105 trzeba za nie zap\u0142aci\u0107. Potrafi unie\u015b\u0107 wi\u0119cej, ni\u017c powinien &#8211; nie dlatego, \u017ce nie czuje ci\u0119\u017caru, ale dlatego, \u017ce d\u0142ugo wierzy, i\u017c wytrzyma\u0142o\u015b\u0107 jest form\u0105 odpowiedzialno\u015bci.\nPrzez d\u0142ugi czas daje ludziom kredyt zaufania. Wierzy, \u017ce wszystko da si\u0119 wyja\u015bni\u0107, naprawi\u0107, zrobi\u0107 na nowo. \u017be wystarczy rozmowa, chwila ciszy, odrobina dobrej woli. Jest cierpliwy wobec cudzych s\u0142abo\u015bci, bo zna w\u0142asne. Lubi pr\u00f3bowa\u0107 nowych rzeczy, nowych dr\u00f3g i rozwi\u0105za\u0144, kieruj\u0105c si\u0119 prost\u0105 zasad\u0105: je\u015bli nie spr\u00f3bujesz, nigdy si\u0119 nie dowiesz. To ciekawo\u015b\u0107 \u015bwiata, ale te\u017c ludzi &#8211; ich historii, intencji, prawdziwych twarzy. Nie pokazuj mu drogiego zegarka ani samochodu &#8211; poka\u017c, jakim jeste\u015b cz\u0142owiekiem.\nNa jego zaufanie trzeba sobie zas\u0142u\u017cy\u0107. Nie dlatego, \u017ce jest zamkni\u0119ty, lecz dlatego, \u017ce jest uwa\u017cny. Otwiera si\u0119 powoli, warstwa po warstwie, ods\u0142aniaj\u0105c swoje karty dopiero wtedy, gdy czuje, \u017ce grunt pod stopami jest bezpieczny. Nie jest zaborczy ani chorobliwie zazdrosny. W zamian oczekuje rzeczy prostych, ale niepodlegaj\u0105cych negocjacjom: lojalno\u015bci, oddania i elementarnego szacunku. Bez gierek. Bez p\u00f3\u0142prawd. Bez podw\u00f3jnych standard\u00f3w.\nPod potrzeb\u0105 wolno\u015bci i swobodnie okazywanymi emocjami kryje si\u0119 wielkie serce przyjaciela. Takiego, kt\u00f3ry nie pyta, czy to wygodne, tylko czy to potrzebne. Zrobi wszystko, co w jego mocy, by pom\u00f3c innym &#8211; czasem kosztem siebie, czasem kosztem ciszy, kt\u00f3r\u0105 tak ceni. Uwielbia roz\u015bmiesza\u0107 ludzi i przynosi\u0107 im rado\u015b\u0107. Nie oczekuje nic w zamian za uprzejmo\u015b\u0107 czy dobre s\u0142owo. Wdzi\u0119czno\u015b\u0107 wymuszona zobowi\u0105zaniem by\u0142aby dla niego form\u0105 ograniczenia, a on wierzy, \u017ce dobro powinno kr\u0105\u017cy\u0107 swobodnie, bez rachunk\u00f3w i d\u0142ug\u00f3w.\nAle jest co\u015b, o czym wielu zapomina.\nTen spok\u00f3j ma granice.<br data-start=\"2191\" data-end=\"2194\" \/>Ta cierpliwo\u015b\u0107 ma fundament.\nGdy zostanie przekroczona ta jedna, ostatnia granica, spok\u00f3j nie zamienia si\u0119 w gniew. Zamienia si\u0119 w decyzj\u0119. Bez krzyku. Bez dramatu. Bez ostrze\u017ce\u0144.\nNie dlatego, \u017ce zabrak\u0142o cierpliwo\u015bci.<br data-start=\"2542\" data-end=\"2545\" \/>Lecz dlatego, \u017ce zabrak\u0142o szacunku.\n\t\t\t\t<img decoding=\"async\" src=\"https:\/\/vetogaming.pl\/wp-content\/uploads\/2025\/12\/ADMINISTRACJA-498402046278982.png\" alt=\"ADMINISTRACJA 498402046278982\" itemprop=\"image\" height=\"104\" width=\"880\" title=\"ADMINISTRACJA 498402046278982\" onerror=\"this.style.display='none'\" loading=\"lazy\" \/>\n\t\t\t\t<a href=\"https:\/\/vetogaming.pl\/wp-content\/uploads\/2022\/09\/BRATEX.png\"  target=\"_self\" itemprop=\"url\">\n\t\t\t\t<img decoding=\"async\" src=\"https:\/\/vetogaming.pl\/wp-content\/uploads\/2022\/09\/BRATEX.png\" alt=\"BRATEX\" itemprop=\"image\" height=\"1568\" width=\"1169\" title=\"BRATEX\" onerror=\"this.style.display='none'\" loading=\"lazy\" \/>\n\t\t\t\t<\/a>\n\t\t\t\t<a href=\"https:\/\/vetogaming.pl\/wp-content\/uploads\/2022\/09\/RUFI.png\"  target=\"_self\" itemprop=\"url\">\n\t\t\t\t<img decoding=\"async\" src=\"https:\/\/vetogaming.pl\/wp-content\/uploads\/2022\/09\/RUFI.png\" alt=\"RUFI\" itemprop=\"image\" height=\"1429\" width=\"1063\" title=\"RUFI\" onerror=\"this.style.display='none'\" loading=\"lazy\" \/>\n\t\t\t\t<\/a>\n\t\t\t\t<a href=\"https:\/\/vetogaming.pl\/wp-content\/uploads\/2022\/09\/HUBERT.png\"  target=\"_self\" itemprop=\"url\">\n\t\t\t\t<img decoding=\"async\" src=\"https:\/\/vetogaming.pl\/wp-content\/uploads\/2022\/09\/HUBERT.png\" alt=\"HUBERT\" itemprop=\"image\" height=\"1429\" width=\"1063\" title=\"HUBERT\" onerror=\"this.style.display='none'\" loading=\"lazy\" \/>\n\t\t\t\t<\/a>\n\t\t\t\t<img decoding=\"async\" src=\"https:\/\/vetogaming.pl\/wp-content\/uploads\/2024\/05\/VETTTTT.png\" alt=\"VETTTTT\" itemprop=\"image\" height=\"225\" width=\"1300\" title=\"VETTTTT\" onerror=\"this.style.display='none'\" loading=\"lazy\" \/>\n\t\t\t\t<a href=\"https:\/\/vetogaming.pl\/wp-content\/uploads\/2022\/09\/STAWIK.png\"  target=\"_self\" itemprop=\"url\">\n\t\t\t\t<img decoding=\"async\" src=\"https:\/\/vetogaming.pl\/wp-content\/uploads\/2022\/09\/STAWIK.png\" alt=\"STAWIK\" itemprop=\"image\" height=\"1276\" width=\"949\" title=\"STAWIK\" onerror=\"this.style.display='none'\" loading=\"lazy\" \/>\n\t\t\t\t<\/a>\n\t\t\t\t<a href=\"https:\/\/vetogaming.pl\/wp-content\/uploads\/2022\/09\/KINSANE.png\"  target=\"_self\" itemprop=\"url\">\n\t\t\t\t<img decoding=\"async\" src=\"https:\/\/vetogaming.pl\/wp-content\/uploads\/2022\/09\/KINSANE.png\" alt=\"KINSANE\" itemprop=\"image\" height=\"1276\" width=\"949\" title=\"KINSANE\" onerror=\"this.style.display='none'\" loading=\"lazy\" \/>\n\t\t\t\t<\/a>\n\t\t\t\t<a href=\"https:\/\/vetogaming.pl\/wp-content\/uploads\/2022\/09\/SMYKU.png\"  target=\"_self\" itemprop=\"url\">\n\t\t\t\t<img decoding=\"async\" src=\"https:\/\/vetogaming.pl\/wp-content\/uploads\/2022\/09\/SMYKU.png\" alt=\"SMYKU\" itemprop=\"image\" height=\"1276\" width=\"949\" title=\"SMYKU\" onerror=\"this.style.display='none'\" loading=\"lazy\" \/>\n\t\t\t\t<\/a>\n\t\t\t\t<a href=\"https:\/\/vetogaming.pl\/wp-content\/uploads\/2022\/09\/MURTAG.png\"  target=\"_self\" itemprop=\"url\">\n\t\t\t\t<img decoding=\"async\" src=\"https:\/\/vetogaming.pl\/wp-content\/uploads\/2022\/09\/MURTAG.png\" alt=\"MURTAG\" itemprop=\"image\" height=\"1276\" width=\"948\" title=\"MURTAG\" onerror=\"this.style.display='none'\" loading=\"lazy\" \/>\n\t\t\t\t<\/a>\n\t\t\t\t<a href=\"https:\/\/vetogaming.pl\/wp-content\/uploads\/2022\/09\/WADAS.png\"  target=\"_self\" itemprop=\"url\">\n\t\t\t\t<img decoding=\"async\" src=\"https:\/\/vetogaming.pl\/wp-content\/uploads\/2022\/09\/WADAS.png\" alt=\"WADAS\" itemprop=\"image\" height=\"1276\" width=\"949\" title=\"WADAS\" onerror=\"this.style.display='none'\" loading=\"lazy\" \/>\n\t\t\t\t<\/a>\n\t\t\t\t<a href=\"https:\/\/vetogaming.pl\/wp-content\/uploads\/2022\/09\/COMARQ.png\"  target=\"_self\" itemprop=\"url\">\n\t\t\t\t<img decoding=\"async\" src=\"https:\/\/vetogaming.pl\/wp-content\/uploads\/2022\/09\/COMARQ.png\" alt=\"COMARQ\" itemprop=\"image\" height=\"1276\" width=\"948\" title=\"COMARQ\" onerror=\"this.style.display='none'\" loading=\"lazy\" \/>\n\t\t\t\t<\/a>\n\t\t\t\t<a href=\"https:\/\/vetogaming.pl\/wp-content\/uploads\/2023\/08\/VEX.png\"  target=\"_self\" itemprop=\"url\">\n\t\t\t\t<img decoding=\"async\" src=\"https:\/\/vetogaming.pl\/wp-content\/uploads\/2023\/08\/VEX.png\" alt=\"VEX\" itemprop=\"image\" height=\"1121\" width=\"794\" title=\"VEX\" onerror=\"this.style.display='none'\" loading=\"lazy\" \/>\n\t\t\t\t<\/a>\n\t\t\t\t<a href=\"https:\/\/vetogaming.pl\/wp-content\/uploads\/2022\/09\/ARTI.png\"  target=\"_self\" itemprop=\"url\">\n\t\t\t\t<img decoding=\"async\" src=\"https:\/\/vetogaming.pl\/wp-content\/uploads\/2022\/09\/ARTI.png\" alt=\"ARTI\" itemprop=\"image\" height=\"1276\" width=\"944\" title=\"ARTI\" onerror=\"this.style.display='none'\" loading=\"lazy\" \/>\n\t\t\t\t<\/a>\n\t\t\t\t<a href=\"https:\/\/vetogaming.pl\/wp-content\/uploads\/2022\/09\/STANISLAW-LEM.png\"  target=\"_self\" itemprop=\"url\">\n\t\t\t\t<img decoding=\"async\" src=\"https:\/\/vetogaming.pl\/wp-content\/uploads\/2022\/09\/STANISLAW-LEM.png\" alt=\"STANISLAW LEM\" itemprop=\"image\" height=\"1429\" width=\"1063\" title=\"STANISLAW LEM\" onerror=\"this.style.display='none'\" loading=\"lazy\" \/>\n\t\t\t\t<\/a>\n\t\t\t\t<a href=\"https:\/\/vetogaming.pl\/wp-content\/uploads\/2022\/09\/WOJTAS.png\"  target=\"_self\" itemprop=\"url\">\n\t\t\t\t<img decoding=\"async\" src=\"https:\/\/vetogaming.pl\/wp-content\/uploads\/2022\/09\/WOJTAS.png\" alt=\"WOJTAS\" itemprop=\"image\" height=\"1276\" width=\"948\" title=\"WOJTAS\" onerror=\"this.style.display='none'\" loading=\"lazy\" \/>\n\t\t\t\t<\/a>\n\t\t\t\t<a href=\"https:\/\/vetogaming.pl\/wp-content\/uploads\/2022\/09\/KRUK.png\"  target=\"_self\" itemprop=\"url\">\n\t\t\t\t<img decoding=\"async\" src=\"https:\/\/vetogaming.pl\/wp-content\/uploads\/2022\/09\/KRUK.png\" alt=\"KRUK\" itemprop=\"image\" height=\"1429\" width=\"1063\" title=\"KRUK\" onerror=\"this.style.display='none'\" loading=\"lazy\" \/>\n\t\t\t\t<\/a>\n\t\t\t\t<a href=\"https:\/\/vetogaming.pl\/wp-content\/uploads\/2022\/09\/KALAFIOREK.png\"  target=\"_self\" itemprop=\"url\">\n\t\t\t\t<img decoding=\"async\" src=\"https:\/\/vetogaming.pl\/wp-content\/uploads\/2022\/09\/KALAFIOREK.png\" alt=\"KALAFIOREK\" itemprop=\"image\" height=\"1429\" width=\"1063\" title=\"KALAFIOREK\" onerror=\"this.style.display='none'\" loading=\"lazy\" \/>\n\t\t\t\t<\/a>\n\t\t\t\t<a href=\"https:\/\/vetogaming.pl\/wp-content\/uploads\/2022\/09\/INSTINCT.png\"  target=\"_self\" itemprop=\"url\">\n\t\t\t\t<img decoding=\"async\" src=\"https:\/\/vetogaming.pl\/wp-content\/uploads\/2022\/09\/INSTINCT.png\" alt=\"INSTINCT\" itemprop=\"image\" height=\"1276\" width=\"949\" title=\"INSTINCT\" onerror=\"this.style.display='none'\" loading=\"lazy\" \/>\n\t\t\t\t<\/a>\n\t\t\t\t<a href=\"https:\/\/vetogaming.pl\/wp-content\/uploads\/2022\/11\/GUILIT.png\"  target=\"_self\" itemprop=\"url\">\n\t\t\t\t<img decoding=\"async\" src=\"https:\/\/vetogaming.pl\/wp-content\/uploads\/2022\/11\/GUILIT.png\" alt=\"GUILIT\" itemprop=\"image\" height=\"1256\" width=\"930\" title=\"GUILIT\" onerror=\"this.style.display='none'\" loading=\"lazy\" \/>\n\t\t\t\t<\/a>\n\t\t\t\t<a href=\"https:\/\/vetogaming.pl\/wp-content\/uploads\/2023\/08\/GENERAL.png\"  target=\"_self\" itemprop=\"url\">\n\t\t\t\t<img decoding=\"async\" src=\"https:\/\/vetogaming.pl\/wp-content\/uploads\/2023\/08\/GENERAL.png\" alt=\"GENERAL\" itemprop=\"image\" height=\"1121\" width=\"794\" title=\"GENERAL\" onerror=\"this.style.display='none'\" loading=\"lazy\" \/>\n\t\t\t\t<\/a>\n\t\t\t\t<a href=\"https:\/\/vetogaming.pl\/wp-content\/uploads\/2023\/08\/HOMCIAS.png\"  target=\"_self\" itemprop=\"url\">\n\t\t\t\t<img decoding=\"async\" src=\"https:\/\/vetogaming.pl\/wp-content\/uploads\/2023\/08\/HOMCIAS.png\" alt=\"HOMCIAS\" itemprop=\"image\" height=\"1121\" width=\"794\" title=\"HOMCIAS\" onerror=\"this.style.display='none'\" loading=\"lazy\" \/>\n\t\t\t\t<\/a>\n\t\t\t\t<a href=\"https:\/\/vetogaming.pl\/wp-content\/uploads\/2023\/08\/PTASZEK.png\"  target=\"_self\" itemprop=\"url\">\n\t\t\t\t<img decoding=\"async\" src=\"https:\/\/vetogaming.pl\/wp-content\/uploads\/2023\/08\/PTASZEK.png\" alt=\"PTASZEK\" itemprop=\"image\" height=\"1121\" width=\"794\" title=\"PTASZEK\" onerror=\"this.style.display='none'\" loading=\"lazy\" \/>\n\t\t\t\t<\/a>\n\t\t\t\t<a href=\"https:\/\/vetogaming.pl\/wp-content\/uploads\/2023\/08\/LAUSS.png\"  target=\"_self\" itemprop=\"url\">\n\t\t\t\t<img decoding=\"async\" src=\"https:\/\/vetogaming.pl\/wp-content\/uploads\/2023\/08\/LAUSS.png\" alt=\"LAUSS\" itemprop=\"image\" height=\"1121\" width=\"794\" title=\"LAUSS\" onerror=\"this.style.display='none'\" loading=\"lazy\" \/>\n\t\t\t\t<\/a>\n\t\t\t\t<a href=\"https:\/\/vetogaming.pl\/wp-content\/uploads\/2023\/08\/KOBRA.png\"  target=\"_self\" itemprop=\"url\">\n\t\t\t\t<img decoding=\"async\" src=\"https:\/\/vetogaming.pl\/wp-content\/uploads\/2023\/08\/KOBRA.png\" alt=\"KOBRA\" itemprop=\"image\" height=\"1121\" width=\"794\" title=\"KOBRA\" onerror=\"this.style.display='none'\" loading=\"lazy\" \/>\n\t\t\t\t<\/a>\n\t\t\t\t<a href=\"https:\/\/vetogaming.pl\/wp-content\/uploads\/2023\/08\/WERONIKA.png\"  target=\"_self\" itemprop=\"url\">\n\t\t\t\t<img decoding=\"async\" src=\"https:\/\/vetogaming.pl\/wp-content\/uploads\/2023\/08\/WERONIKA.png\" alt=\"WERONIKA\" itemprop=\"image\" height=\"1121\" width=\"794\" title=\"WERONIKA\" onerror=\"this.style.display='none'\" loading=\"lazy\" \/>\n\t\t\t\t<\/a>\n\t\t\t\t<a href=\"https:\/\/vetogaming.pl\/wp-content\/uploads\/2023\/08\/EVO.png\"  target=\"_self\" itemprop=\"url\">\n\t\t\t\t<img decoding=\"async\" src=\"https:\/\/vetogaming.pl\/wp-content\/uploads\/2023\/08\/EVO.png\" alt=\"EVO\" itemprop=\"image\" height=\"1121\" width=\"794\" title=\"EVO\" onerror=\"this.style.display='none'\" loading=\"lazy\" \/>\n\t\t\t\t<\/a>\n\t\t\t\t<a href=\"https:\/\/vetogaming.pl\/wp-content\/uploads\/2024\/07\/KAMILCIAK.png\"  target=\"_self\" itemprop=\"url\">\n\t\t\t\t<img decoding=\"async\" src=\"https:\/\/vetogaming.pl\/wp-content\/uploads\/2024\/07\/KAMILCIAK.png\" alt=\"KAMILCIAK\" itemprop=\"image\" height=\"1121\" width=\"794\" title=\"KAMILCIAK\" onerror=\"this.style.display='none'\" loading=\"lazy\" \/>\n\t\t\t\t<\/a>\n\t\t\t\t<a href=\"https:\/\/vetogaming.pl\/wp-content\/uploads\/2024\/07\/MRSZOPKINS.png\"  target=\"_self\" itemprop=\"url\">\n\t\t\t\t<img decoding=\"async\" src=\"https:\/\/vetogaming.pl\/wp-content\/uploads\/2024\/07\/MRSZOPKINS.png\" alt=\"MRSZOPKINS\" itemprop=\"image\" height=\"1121\" width=\"794\" title=\"MRSZOPKINS\" onerror=\"this.style.display='none'\" loading=\"lazy\" \/>\n\t\t\t\t<\/a>\n\t\t\t\t<a href=\"https:\/\/vetogaming.pl\/wp-content\/uploads\/2024\/07\/DAWIDZIOR.png\"  target=\"_self\" itemprop=\"url\">\n\t\t\t\t<img decoding=\"async\" src=\"https:\/\/vetogaming.pl\/wp-content\/uploads\/2024\/07\/DAWIDZIOR.png\" alt=\"DAWIDZIOR\" itemprop=\"image\" height=\"1121\" width=\"794\" title=\"DAWIDZIOR\" onerror=\"this.style.display='none'\" loading=\"lazy\" \/>\n\t\t\t\t<\/a>\n\t\t\t\t<a href=\"https:\/\/vetogaming.pl\/wp-content\/uploads\/2024\/07\/FLU.png\"  target=\"_self\" itemprop=\"url\">\n\t\t\t\t<img decoding=\"async\" src=\"https:\/\/vetogaming.pl\/wp-content\/uploads\/2024\/07\/FLU.png\" alt=\"FLU\" itemprop=\"image\" height=\"1121\" width=\"794\" title=\"FLU\" onerror=\"this.style.display='none'\" loading=\"lazy\" \/>\n\t\t\t\t<\/a>\n\t\t\t\t<a href=\"https:\/\/vetogaming.pl\/wp-content\/uploads\/2025\/08\/REASTY.png\"  target=\"_self\" itemprop=\"url\">\n\t\t\t\t<img decoding=\"async\" src=\"https:\/\/vetogaming.pl\/wp-content\/uploads\/2025\/08\/REASTY.png\" alt=\"REASTY\" itemprop=\"image\" height=\"1121\" width=\"794\" title=\"REASTY\" onerror=\"this.style.display='none'\" loading=\"lazy\" \/>\n\t\t\t\t<\/a>\n\t\t\t\t<a href=\"https:\/\/vetogaming.pl\/wp-content\/uploads\/2024\/07\/MONIKAKRZYSIU.png\"  target=\"_self\" itemprop=\"url\">\n\t\t\t\t<img decoding=\"async\" src=\"https:\/\/vetogaming.pl\/wp-content\/uploads\/2024\/07\/MONIKAKRZYSIU.png\" alt=\"MONIKAKRZYSIU\" itemprop=\"image\" height=\"1121\" width=\"794\" title=\"MONIKAKRZYSIU\" onerror=\"this.style.display='none'\" loading=\"lazy\" \/>\n\t\t\t\t<\/a>\n\t\t\t\t<a href=\"https:\/\/vetogaming.pl\/wp-content\/uploads\/2025\/08\/QUANTI.png\"  target=\"_self\" itemprop=\"url\">\n\t\t\t\t<img decoding=\"async\" src=\"https:\/\/vetogaming.pl\/wp-content\/uploads\/2025\/08\/QUANTI.png\" alt=\"QUANTI\" itemprop=\"image\" height=\"1121\" width=\"794\" title=\"QUANTI\" onerror=\"this.style.display='none'\" loading=\"lazy\" \/>\n\t\t\t\t<\/a>\n\t\t\t\t<a href=\"https:\/\/vetogaming.pl\/wp-content\/uploads\/2024\/07\/JUSTYNA.png\"  target=\"_self\" itemprop=\"url\">\n\t\t\t\t<img decoding=\"async\" src=\"https:\/\/vetogaming.pl\/wp-content\/uploads\/2024\/07\/JUSTYNA.png\" alt=\"JUSTYNA\" itemprop=\"image\" height=\"1121\" width=\"794\" title=\"JUSTYNA\" onerror=\"this.style.display='none'\" loading=\"lazy\" \/>\n\t\t\t\t<\/a>\n\t\t\t\t<a href=\"https:\/\/vetogaming.pl\/wp-content\/uploads\/2025\/08\/YUNA.png\"  target=\"_self\" itemprop=\"url\">\n\t\t\t\t<img decoding=\"async\" src=\"https:\/\/vetogaming.pl\/wp-content\/uploads\/2025\/08\/YUNA.png\" alt=\"YUNA\" itemprop=\"image\" height=\"1121\" width=\"794\" title=\"YUNA\" onerror=\"this.style.display='none'\" loading=\"lazy\" \/>\n\t\t\t\t<\/a>\n\t\t\t\t<a href=\"https:\/\/vetogaming.pl\/wp-content\/uploads\/2024\/07\/KIA.png\"  target=\"_self\" itemprop=\"url\">\n\t\t\t\t<img decoding=\"async\" src=\"https:\/\/vetogaming.pl\/wp-content\/uploads\/2024\/07\/KIA.png\" alt=\"KIA\" itemprop=\"image\" height=\"1121\" width=\"794\" title=\"KIA\" onerror=\"this.style.display='none'\" loading=\"lazy\" \/>\n\t\t\t\t<\/a>\n\t\t\t\t<a href=\"https:\/\/vetogaming.pl\/wp-content\/uploads\/2025\/08\/SOWASKRT.png\"  target=\"_self\" itemprop=\"url\">\n\t\t\t\t<img decoding=\"async\" src=\"https:\/\/vetogaming.pl\/wp-content\/uploads\/2025\/08\/SOWASKRT.png\" alt=\"SOWASKRT\" itemprop=\"image\" height=\"1121\" width=\"794\" title=\"SOWASKRT\" onerror=\"this.style.display='none'\" loading=\"lazy\" \/>\n\t\t\t\t<\/a>\n\t\t\t\t<a href=\"https:\/\/vetogaming.pl\/wp-content\/uploads\/2024\/07\/KORA.png\"  target=\"_self\" itemprop=\"url\">\n\t\t\t\t<img decoding=\"async\" src=\"https:\/\/vetogaming.pl\/wp-content\/uploads\/2024\/07\/KORA.png\" alt=\"KORA\" itemprop=\"image\" height=\"1121\" width=\"794\" title=\"KORA\" onerror=\"this.style.display='none'\" loading=\"lazy\" \/>\n\t\t\t\t<\/a>\n\t\t\t\t<a href=\"https:\/\/vetogaming.pl\/wp-content\/uploads\/2023\/08\/QUINCELADY.png\"  target=\"_self\" itemprop=\"url\">\n\t\t\t\t<img decoding=\"async\" src=\"https:\/\/vetogaming.pl\/wp-content\/uploads\/2023\/08\/QUINCELADY.png\" alt=\"QUINCELADY\" itemprop=\"image\" height=\"1121\" width=\"794\" title=\"QUINCELADY\" onerror=\"this.style.display='none'\" loading=\"lazy\" \/>\n\t\t\t\t<\/a>\n\t\t\t\t<a href=\"https:\/\/vetogaming.pl\/wp-content\/uploads\/2023\/08\/BIKER.png\"  target=\"_self\" itemprop=\"url\">\n\t\t\t\t<img decoding=\"async\" src=\"https:\/\/vetogaming.pl\/wp-content\/uploads\/2023\/08\/BIKER.png\" alt=\"BIKER\" itemprop=\"image\" height=\"1121\" width=\"794\" title=\"BIKER\" onerror=\"this.style.display='none'\" loading=\"lazy\" \/>\n\t\t\t\t<\/a>\n\t\t\t\t<a href=\"https:\/\/vetogaming.pl\/wp-content\/uploads\/2025\/08\/PUFF.png\"  target=\"_self\" itemprop=\"url\">\n\t\t\t\t<img decoding=\"async\" src=\"https:\/\/vetogaming.pl\/wp-content\/uploads\/2025\/08\/PUFF.png\" alt=\"PUFF\" itemprop=\"image\" height=\"1121\" width=\"794\" title=\"PUFF\" onerror=\"this.style.display='none'\" loading=\"lazy\" \/>\n\t\t\t\t<\/a>\n\t\t\t\t<img decoding=\"async\" src=\"https:\/\/vetogaming.pl\/wp-content\/uploads\/2025\/08\/skrzydlazlote2.png\" alt=\"skrzydlazlote2\" itemprop=\"image\" height=\"857\" width=\"1248\" title=\"skrzydlazlote2\" onerror=\"this.style.display='none'\" loading=\"lazy\" \/>\n\n","protected":false},"excerpt":{"rendered":"<p>To cz\u0142owiek, kt\u00f3ry na co dzie\u0144 jest ostoj\u0105 spokoju i opanowania. Taki, przy kt\u00f3rym napi\u0119cie opada samo, bo<\/p>\n","protected":false},"author":17,"featured_media":0,"parent":0,"menu_order":0,"comment_status":"closed","ping_status":"closed","template":"","meta":{"footnotes":""},"class_list":["post-4196","page","type-page","status-publish","hentry"],"_links":{"self":[{"href":"https:\/\/vetogaming.pl\/index.php?rest_route=\/wp\/v2\/pages\/4196","targetHints":{"allow":["GET"]}}],"collection":[{"href":"https:\/\/vetogaming.pl\/index.php?rest_route=\/wp\/v2\/pages"}],"about":[{"href":"https:\/\/vetogaming.pl\/index.php?rest_route=\/wp\/v2\/types\/page"}],"author":[{"embeddable":true,"href":"https:\/\/vetogaming.pl\/index.php?rest_route=\/wp\/v2\/users\/17"}],"replies":[{"embeddable":true,"href":"https:\/\/vetogaming.pl\/index.php?rest_route=%2Fwp%2Fv2%2Fcomments&post=4196"}],"version-history":[{"count":55,"href":"https:\/\/vetogaming.pl\/index.php?rest_route=\/wp\/v2\/pages\/4196\/revisions"}],"predecessor-version":[{"id":6794,"href":"https:\/\/vetogaming.pl\/index.php?rest_route=\/wp\/v2\/pages\/4196\/revisions\/6794"}],"wp:attachment":[{"href":"https:\/\/vetogaming.pl\/index.php?rest_route=%2Fwp%2Fv2%2Fmedia&parent=4196"}],"curies":[{"name":"wp","href":"https:\/\/api.w.org\/{rel}","templated":true}]}}