{"id":3031,"date":"2019-07-28T09:00:52","date_gmt":"2019-07-28T09:00:52","guid":{"rendered":"https:\/\/vetogaming.pl\/?page_id=3031"},"modified":"2025-12-01T00:25:42","modified_gmt":"2025-12-01T00:25:42","slug":"3031-2","status":"publish","type":"page","link":"https:\/\/vetogaming.pl\/?page_id=3031","title":{"rendered":"REKRUTACJA OTWARTA"},"content":{"rendered":"\n\n\t\t\t\t<img decoding=\"async\" src=\"https:\/\/vetogaming.pl\/wp-content\/uploads\/2024\/05\/REKRUTACJAOTWARTASAAA.png\" alt=\"REKRUTACJAOTWARTASAAA\" itemprop=\"image\" height=\"225\" width=\"1200\" title=\"REKRUTACJAOTWARTASAAA\" onerror=\"this.style.display='none'\" loading=\"lazy\" \/>\n\t<p>&nbsp;<\/p>\n<strong>WYMAGANIA PRZYST\u0104PIENIA DO PLUTONU VETOGAMING<br \/>\n<\/strong>1. Odwiedzi\u0107 naszego Discorda (obowi\u0105zkowe) <a href=\"https:\/\/discord.gg\/GgNVtGC\">https:\/\/discord.gg\/GgNVtGC\u00a0<\/a><br \/>\n2. By\u0107 aktywnym w grze i na kana\u0142ach g\u0142osowych Discorda podczas fazy rekrutacji<br \/>\n3. Mie\u0107 uko\u0144czone 18 lat. ( MO\u017bLIWO\u015a\u0106 DO\u0141\u0104CZENIA OS\u00d3B W WIEKU 16-17 LAT AKADEMIA VETO )\n\u00a0<strong>PRZYWILEJE \u017bO\u0141NIERZA V.E.T.O<\/strong><br \/>\n\u2022 Discord &#8211; Przywileje na klanowym komunikatorze g\u0142osowym<br \/>\n\u2022 Dost\u0119p do zamkni\u0119tej grupy na Facebooku<br \/>\n\u2022 Dost\u0119p do zamkni\u0119tych kana\u0142\u00f3w discorda<br \/>\n\u2022 Nagrody i odznaczenia za aktywno\u015b\u0107 w plutonie<br \/>\n\u2022 Zdobywanie levela w plutonie (Rangi-Punkty-Stopnie)<br \/>\n\u2022 Pierwsze\u0144stwo uczestnictwa w naszych eventach i zabawach<br \/>\n\u2022 Uczestnictwo w turniejach i ligach<br \/>\n\u2022 Pierwsze\u0144stwo udzia\u0142u w konkursach<br \/>\n\u2022 G\u0142osowanie na nowych cz\u0142onk\u00f3w plutonu<br \/>\n\u2022 Uczestnictwo w naszych corocznych ZLOTACH<br \/>\n\u2022 I wiele innych.\n\t\t\t\t<img decoding=\"async\" src=\"https:\/\/vetogaming.pl\/wp-content\/uploads\/2024\/05\/Cool-Text-ZASADY-REKRUTACJI-458387077571846.png\" alt=\"Cool Text - ZASADY REKRUTACJI 458387077571846\" itemprop=\"image\" height=\"79\" width=\"757\" title=\"Cool Text - ZASADY REKRUTACJI 458387077571846\" onerror=\"this.style.display='none'\" loading=\"lazy\" \/>\n\t<p>Po zg\u0142oszeniu formularza nast\u0119puje miesi\u0119czny okres pr\u00f3bny podczas kt\u00f3rego sprawdzana jest aktywno\u015b\u0107, umiej\u0119tno\u015bci w grze jak i inne kryteria rekrutacji gracza. Czy formularz zosta\u0142 przyj\u0119ty, gracz zostanie poinformowany o tym w wiadomo\u015bci prywatnej na Discordzie<\/p>\n<p><strong>PIERWSZE TRZY TYGODNIE REKRUTACJI<\/strong><\/p>\n&#8211; otrzymanie statusu rekruta po przyj\u0119ciu zg\u0142oszenia<br \/>\n&#8211; zapoznanie si\u0119 z plutonem<br \/>\n&#8211; aktywno\u015b\u0107 w grze i komunikatorze plutonowym &#8222;Discord&#8221;\n<p><strong>CZWARTY TYDZIE\u0143 REKRUTACJI<\/strong><\/p>\n&#8211; nast\u0119puje tygodniowe g\u0142osowanie za lub przeciw przyj\u0119ciu nowego gracza do plutonu poprzez ankiet\u0119 na discordzie.<br \/>\n&#8211; W g\u0142osowaniu bior\u0105 udzia\u0142 wszyscy cz\u0142onkowie danej sekcji.<br \/>\n&#8211; W wypadku r\u00f3wnej liczby g\u0142os\u00f3w za i przeciw, g\u0142os decyduj\u0105cy ma Administracja\nW czasie trwania rekrutacji, musisz by\u0107 aktywny <strong>TYLKO<\/strong> w sekcji g\u0142\u00f3wnej do kt\u00f3rej si\u0119 rekrutujesz.<br \/>\n(Nie dotyczy profilu VETORIANIE BEZ SEKCJI)\n<p>Wynik g\u0142osowania b\u0119dzie podany w wiadomo\u015bci prywatnej na Discordzie oraz na czacie publicznym Discorda.<\/p>\n<p>&nbsp;<\/p>\n\t\t\t\t<img decoding=\"async\" src=\"https:\/\/vetogaming.pl\/wp-content\/uploads\/2024\/05\/Cool-Text-FORMULARZ-REKRUTACYJNY-458352970658186.png\" alt=\"Cool Text - FORMULARZ REKRUTACYJNY 458352970658186\" itemprop=\"image\" height=\"97\" width=\"1404\" title=\"Cool Text - FORMULARZ REKRUTACYJNY 458352970658186\" onerror=\"this.style.display='none'\" loading=\"lazy\" \/>\n\t<p>Formularz rekrutacyjny dost\u0119pny na Naszym Discordzie na kanale V-REKRUTACJA<\/p>\n<p>ZAPRASZAMY<\/p>\n<p><a href=\"https:\/\/discord.gg\/GgNVtGC\">WEJD\u0179 NA DISCORDA<\/a><\/p>\n\n","protected":false},"excerpt":{"rendered":"<p>&nbsp; WYMAGANIA PRZYST\u0104PIENIA DO PLUTONU VETOGAMING 1. Odwiedzi\u0107 naszego Discorda (obowi\u0105zkowe) https:\/\/discord.gg\/GgNVtGC\u00a0 2. By\u0107 aktywnym w grze i<\/p>\n","protected":false},"author":17,"featured_media":0,"parent":0,"menu_order":0,"comment_status":"closed","ping_status":"closed","template":"","meta":{"footnotes":""},"class_list":["post-3031","page","type-page","status-publish","hentry"],"_links":{"self":[{"href":"https:\/\/vetogaming.pl\/index.php?rest_route=\/wp\/v2\/pages\/3031","targetHints":{"allow":["GET"]}}],"collection":[{"href":"https:\/\/vetogaming.pl\/index.php?rest_route=\/wp\/v2\/pages"}],"about":[{"href":"https:\/\/vetogaming.pl\/index.php?rest_route=\/wp\/v2\/types\/page"}],"author":[{"embeddable":true,"href":"https:\/\/vetogaming.pl\/index.php?rest_route=\/wp\/v2\/users\/17"}],"replies":[{"embeddable":true,"href":"https:\/\/vetogaming.pl\/index.php?rest_route=%2Fwp%2Fv2%2Fcomments&post=3031"}],"version-history":[{"count":93,"href":"https:\/\/vetogaming.pl\/index.php?rest_route=\/wp\/v2\/pages\/3031\/revisions"}],"predecessor-version":[{"id":6745,"href":"https:\/\/vetogaming.pl\/index.php?rest_route=\/wp\/v2\/pages\/3031\/revisions\/6745"}],"wp:attachment":[{"href":"https:\/\/vetogaming.pl\/index.php?rest_route=%2Fwp%2Fv2%2Fmedia&parent=3031"}],"curies":[{"name":"wp","href":"https:\/\/api.w.org\/{rel}","templated":true}]}}